{"id":212,"date":"2014-12-10T10:10:56","date_gmt":"2014-12-10T10:10:56","guid":{"rendered":"https:\/\/test.vandmassage.dk\/?page_id=212"},"modified":"2014-12-10T10:11:20","modified_gmt":"2014-12-10T10:11:20","slug":"modebladet-in-1297","status":"publish","type":"page","link":"https:\/\/test.vandmassage.dk\/?page_id=212","title":{"rendered":"Modebladet IN 12\/97 &#8211; Luksus for krop og sj\u00e6l"},"content":{"rendered":"<h2><em>Luksus for krop og sj\u00e6l<\/em><\/h2>\n<p align=\"left\"><span style=\"color: #000000; font-family: Arial; font-size: medium;\"><strong>Hvad med at for\u00e6re en luksusbehandling for krop og sj\u00e6l til en god ven i julegave. Undervandsmassage, kropsmassage, mudderpakning eller varmebehandling p\u00e5 \u00e9t og samme center.<\/strong><\/span><\/p>\n<p><span style=\"color: #000000; font-family: Arial;\">Idalina Buxbom er 35 \u00e5r og uddannet mass\u00f8r af den dygtige og grundige slags, og hun har er lille center i hjertet af K\u00f8benhavn, hvor hun dagligt modtager forsp\u00e6ndte og forpinte danskere, som stresser gennem arbejdsdagen og glemmer at slappe af undervejs. En time p\u00e5 Idalinas briks, og de kan vinke farvel til myoser og stive nakker. I sit center behandler Idalina f\u00f8rst med en s\u00e6rlig undervandsmassage, som foreg\u00e5r i et stort kar med en trykluftsspule. Dyb og gennemgribende massage, som n\u00e5r helt ind til knoglerne.<\/span><\/p>\n<p><span style=\"color: #000000; font-family: Arial;\">&#8211; Jeg har arbejdet med undervandsmassage i mange \u00e5r, forklarer Idalina Buxbom, &#8211; og jeg forundres hver gang over, hvor dyb behandlingen er, og hvor lidt klienten m\u00e6rker undervejs. Bagefter g\u00e5r jeg kroppen igennem med almindelig massage under varmelamper, s\u00e5 jeg f\u00e5r de sidste rester af myoser v\u00e6k. Et virkelig grundigt system.<br \/>\nIdalina Buxbom er en perfekt reklame for sit center. Hun er mor til otte b\u00f8rn og ligner en slank og veltr\u00e6net kvinde, der aldrig har f\u00f8dt.<\/span><\/p>\n<p><span style=\"color: #000000; font-family: Arial;\">&#8211; Jeg f\u00e5r selv undervandsmassage, forklarer Idalina, &#8211; og udover at virke afsp\u00e6ndende s\u00e5 slanker massagen ogs\u00e5. Husk p\u00e5, det kraftige tryk fra vandspulen g\u00f8r, at der renses ud i\u00a0 m\u00e6lkesyreophobninger, fedtv\u00e6v og cellulitis, s\u00e5 kroppen kan genoprette sin naturlige balance og forbr\u00e6nde overfl\u00f8digt fedtv\u00e6v.<\/span><\/p>\n<p><span style=\"color: #000000; font-family: Arial;\">En behandling med undervandsmassage hos Idalina Buxbom koster 450 kr. og tager 1 time. Det samme g\u00f8r de \u00f8vrige behandlinger i hendes center.<\/span><\/p>\n<p><span style=\"color: #000000; font-family: Arial;\">Tid eller gavekort kan bestilles p\u00e5 tlf.:\u00a022 51 00 07<\/span><\/p>\n","protected":false},"excerpt":{"rendered":"<p>Luksus for krop og sj\u00e6l Hvad med at for\u00e6re en luksusbehandling for krop og sj\u00e6l til en god ven i julegave. Undervandsmassage, kropsmassage, mudderpakning eller varmebehandling p\u00e5 \u00e9t og samme center. Idalina Buxbom er 35 \u00e5r og uddannet mass\u00f8r af den dygtige og grundige slags, og hun har er lille center i hjertet af K\u00f8benhavn, [&hellip;]<\/p>\n","protected":false},"author":2,"featured_media":0,"parent":97,"menu_order":0,"comment_status":"closed","ping_status":"open","template":"","meta":{"footnotes":""},"aioseo_notices":[],"_links":{"self":[{"href":"https:\/\/test.vandmassage.dk\/index.php?rest_route=\/wp\/v2\/pages\/212"}],"collection":[{"href":"https:\/\/test.vandmassage.dk\/index.php?rest_route=\/wp\/v2\/pages"}],"about":[{"href":"https:\/\/test.vandmassage.dk\/index.php?rest_route=\/wp\/v2\/types\/page"}],"author":[{"embeddable":true,"href":"https:\/\/test.vandmassage.dk\/index.php?rest_route=\/wp\/v2\/users\/2"}],"replies":[{"embeddable":true,"href":"https:\/\/test.vandmassage.dk\/index.php?rest_route=%2Fwp%2Fv2%2Fcomments&post=212"}],"version-history":[{"count":2,"href":"https:\/\/test.vandmassage.dk\/index.php?rest_route=\/wp\/v2\/pages\/212\/revisions"}],"predecessor-version":[{"id":214,"href":"https:\/\/test.vandmassage.dk\/index.php?rest_route=\/wp\/v2\/pages\/212\/revisions\/214"}],"up":[{"embeddable":true,"href":"https:\/\/test.vandmassage.dk\/index.php?rest_route=\/wp\/v2\/pages\/97"}],"wp:attachment":[{"href":"https:\/\/test.vandmassage.dk\/index.php?rest_route=%2Fwp%2Fv2%2Fmedia&parent=212"}],"curies":[{"name":"wp","href":"https:\/\/api.w.org\/{rel}","templated":true}]}}