{"id":230,"date":"2014-12-10T10:24:08","date_gmt":"2014-12-10T10:24:08","guid":{"rendered":"https:\/\/test.vandmassage.dk\/?page_id=230"},"modified":"2014-12-10T10:25:38","modified_gmt":"2014-12-10T10:25:38","slug":"hvidovre-avis-onsdag-den-30-juli-1997-mirakler-i-et-vandparadis","status":"publish","type":"page","link":"https:\/\/test.vandmassage.dk\/?page_id=230","title":{"rendered":"Hvidovre Avis onsdag den 30. juli 1997 &#8211; Mirakler i et vandparadis"},"content":{"rendered":"<table border=\"0\" cellspacing=\"10\">\n<tbody>\n<tr>\n<td colspan=\"2\" width=\"56%\"><span style=\"font-family: Arial;\"><em><strong>Hvidovre Avis onsdag den 30. juli 1997:<\/strong><\/em><\/span><\/p>\n<p><span style=\"font-family: Arial; font-size: xx-large;\"><strong>Mirakler i et vandparadis<\/strong><\/span><\/p>\n<p><span style=\"font-family: Arial; font-size: large;\"><strong>Idalina Buxbom ejer en undervandmassage-klinik i det<br \/>\nindre K\u00f8benhavn \u2013 vi har &#8220;pr\u00f8vek\u00f8rt&#8221; herlighederne<\/strong><\/span><\/td>\n<td width=\"28%\"><span style=\"font-family: Arial; font-size: small;\"><em><strong><a href=\"https:\/\/test.vandmassage.dk\/wp-content\/uploads\/2014\/12\/aok-vand.jpg\"><img loading=\"lazy\" decoding=\"async\" class=\"alignnone size-thumbnail wp-image-218\" src=\"https:\/\/test.vandmassage.dk\/wp-content\/uploads\/2014\/12\/aok-vand-141x150.jpg\" alt=\"aok-vand\" width=\"141\" height=\"150\" \/><\/a><\/strong><\/em><\/span><span style=\"font-family: Arial; font-size: small;\"><em><strong>Idalina har netop overtaget vandmassgeklinikken p\u00e5 Vesterbros Torv<\/strong><\/em><\/span><\/td>\n<\/tr>\n<tr>\n<td valign=\"top\" width=\"28%\"><span style=\"font-family: Arial; font-size: medium;\">Vand er godt. Massage liges\u00e5. Og hvad kan sl\u00e5 at blande de to elementer sammen?<\/span><span style=\"font-family: Arial; font-size: medium;\">Ikke ret meget, hvis man sp\u00f8rger mig. Og det gjorde man, da man forleden var p\u00e5 bes\u00f8g i &#8220;Water-mass&#8221; p\u00e5 Vesterbros Torv. En vandmassage-klinik ejet af den 35-\u00e5rige Hvidovre borger og mor til 8 b\u00f8rn, Idalina Buxbom.<\/span><span style=\"font-family: Arial; font-size: medium;\">Da jeg ankommer har Idalina netop afsluttet en behandling af en \u00e6ldre dame, som d\u00f8jer frygteligt med smerter i ischias-nerven og desuden har nogle nakkeinfiltrationer. Som hun tager skoene p\u00e5, udtrykker hun sin begejstring for vandmassagen, som er hendes f\u00f8rste. Alligevel t\u00f8ver hun ikke med at bestille en tid ugen senere og desuden booke sig for 5 behandlinger med det samme&#8230;<\/span><\/p>\n<p><span style=\"font-family: Arial; font-size: medium;\">Idalina har i mange \u00e5r v\u00e6ret mass\u00f8r p\u00e5 et plejehjem i Gentofte og har dermed kyndige massage h\u00e6nder. Men i sin nye forretning er h\u00e6nderne ikke det prim\u00e6re redskab: Et stort kar, masser af vand og en h\u00f8jtryksspuler er klar, da vi bev\u00e6ger os ned i de hyggelige lokaler p\u00e5 Vesterbro.<\/span><\/p>\n<p><span style=\"font-family: Arial; font-size: large;\">Kun to i Danmark<\/span><\/p>\n<p><span style=\"font-family: Arial; font-size: medium;\">&#8211; Jeg har netop overtaget klinikken fra den tidligere ejer, Yvonne, som ogs\u00e5 har l\u00e6rt mig op. Jeg syntes simpelthen, det var sp\u00e6ndende at pr\u00f8ve noget nyt, og da jeg gennem bekendte fik at vide, at klinikken var til salg, m\u00e5tte jeg jo sl\u00e5 til,<\/span><\/td>\n<td valign=\"top\" width=\"28%\"><span style=\"font-family: Arial; font-size: medium;\">fort\u00e6ller Idalina som begrundelse for sin nyerhvervelse.<\/span><span style=\"font-family: Arial; font-size: medium;\">&#8220;Water-mass&#8221; var indtil fornyelig den eneste vandmassage klinik i Danmark. Vandmassage er derfor ikke s\u00e5 kendt, men kundekredsen er stigende, og Idalinas kalender er fuldt booket.<\/span><span style=\"font-family: Arial; font-size: medium;\">For vandmassagen kan \u00e6re med til at afhj\u00e6lpe mange skavanker. Buxbom n\u00e6vner rygsmerter, der jo n\u00e6rmest er en folkesygdom, som en af de hyppigste \u00e5rsager til klienternes problemer. Men ogs\u00e5 allergi, s\u00e5rheling, ufrivillig vandladning og tennisalbuer kan behandles p\u00e5 &#8220;Water-mass&#8221;-klinikken.<\/span><\/p>\n<p><span style=\"font-family: Arial; font-size: medium;\">&#8211; Vandmassagen udf\u00f8res i et badekar med 700 liter 38 grader varmt vand. Varmen f\u00e5r musklerne til at slappe af, og behandlingen begynder med jacuzzi-bad, hvor fine vandstr\u00e5ler rettes mod kroppen. Dette f\u00e5r musklerne til at slappe yderligere af . En vandstr\u00e5le med 6 til 7 atmosf\u00e6rers tryk masserer de \u00f8mme eller smertende muskler, led, nerve- og lymfebaner. Man g\u00e5r simpelthen meget dybt ind i nervesystemet, forklarer Idalina inden jeg l\u00e6gger mig ned i det dejlige varme vand og straks f\u00f8ler mig rigtig godt tilpas mellem boblerne.<\/span><\/p>\n<p><span style=\"font-family: Arial; font-size: large;\">I et med vandet<\/span><\/p>\n<p><span style=\"font-family: Arial; font-size: medium;\">Den 35-\u00e5rige vandmass\u00f8r starter med min h\u00f8jre fod og bev\u00e6ger sig gennem hele kroppen ligefra det yderste af t\u00e5spidserne til begge h\u00e5ndflader. Str\u00e5lernes trykken bev\u00e6ger sig ind<\/span><\/td>\n<\/tr>\n<\/tbody>\n<\/table>\n","protected":false},"excerpt":{"rendered":"<p>Hvidovre Avis onsdag den 30. juli 1997: Mirakler i et vandparadis Idalina Buxbom ejer en undervandmassage-klinik i det indre K\u00f8benhavn \u2013 vi har &#8220;pr\u00f8vek\u00f8rt&#8221; herlighederne Idalina har netop overtaget vandmassgeklinikken p\u00e5 Vesterbros Torv Vand er godt. Massage liges\u00e5. Og hvad kan sl\u00e5 at blande de to elementer sammen?Ikke ret meget, hvis man sp\u00f8rger mig. Og [&hellip;]<\/p>\n","protected":false},"author":2,"featured_media":0,"parent":97,"menu_order":0,"comment_status":"closed","ping_status":"closed","template":"","meta":{"footnotes":""},"aioseo_notices":[],"_links":{"self":[{"href":"https:\/\/test.vandmassage.dk\/index.php?rest_route=\/wp\/v2\/pages\/230"}],"collection":[{"href":"https:\/\/test.vandmassage.dk\/index.php?rest_route=\/wp\/v2\/pages"}],"about":[{"href":"https:\/\/test.vandmassage.dk\/index.php?rest_route=\/wp\/v2\/types\/page"}],"author":[{"embeddable":true,"href":"https:\/\/test.vandmassage.dk\/index.php?rest_route=\/wp\/v2\/users\/2"}],"replies":[{"embeddable":true,"href":"https:\/\/test.vandmassage.dk\/index.php?rest_route=%2Fwp%2Fv2%2Fcomments&post=230"}],"version-history":[{"count":2,"href":"https:\/\/test.vandmassage.dk\/index.php?rest_route=\/wp\/v2\/pages\/230\/revisions"}],"predecessor-version":[{"id":232,"href":"https:\/\/test.vandmassage.dk\/index.php?rest_route=\/wp\/v2\/pages\/230\/revisions\/232"}],"up":[{"embeddable":true,"href":"https:\/\/test.vandmassage.dk\/index.php?rest_route=\/wp\/v2\/pages\/97"}],"wp:attachment":[{"href":"https:\/\/test.vandmassage.dk\/index.php?rest_route=%2Fwp%2Fv2%2Fmedia&parent=230"}],"curies":[{"name":"wp","href":"https:\/\/api.w.org\/{rel}","templated":true}]}}