{"id":234,"date":"2014-12-10T10:26:53","date_gmt":"2014-12-10T10:26:53","guid":{"rendered":"https:\/\/test.vandmassage.dk\/?page_id=234"},"modified":"2014-12-10T10:29:26","modified_gmt":"2014-12-10T10:29:26","slug":"alt-for-damerne-498-massage","status":"publish","type":"page","link":"https:\/\/test.vandmassage.dk\/?page_id=234","title":{"rendered":"Alt for damerne 4\/98 &#8211; Massage"},"content":{"rendered":"<p><strong><span style=\"font-family: Arial;\"><em>Alt for damerne 4\/98:<\/em><\/span><\/strong><\/p>\n<table border=\"0\" cellspacing=\"6\">\n<tbody>\n<tr>\n<td><strong><span style=\"font-family: Arial; font-size: 300%;\">Massage<\/span><\/strong><strong><span style=\"font-family: Arial; font-size: large;\">&#8211; VELV\u00c6RE TIL VINTERTR\u00c6TTE KROPPE<\/span><span style=\"font-family: Arial; font-size: x-large;\"><br \/>\n<\/span><\/strong><\/td>\n<\/tr>\n<tr>\n<td><span style=\"font-family: Arial; font-size: x-large;\"><strong>Undervandsmassage<\/strong><\/span><span style=\"font-family: Arial; font-size: medium;\"><strong>Hvad er undervandsmassage?<br \/>\n<\/strong>En blid, 5.000 \u00e5r gammel massage-form i og med vand, som i sin tid opstod omkring kurbadene i Rum\u00e6nien og Bulgarien.<\/span><span style=\"font-family: Arial; font-size: medium;\"><strong>Hvad kan den bruges til?<br \/>\n<\/strong>Til at l\u00f8sne sp\u00e6ndinger, myoser og infiltrationer i musklerne samt lindre ledsmerter \u2013 f.eks. kan gigtpatienter og d\u00e5rligt g\u00e5ende have gavn af behandlingen. Der er desuden en god portion velv\u00e6re at hente i vandet.<\/span><\/p>\n<p><span style=\"font-family: Arial; font-size: medium;\"><strong>S\u00e5dan foreg\u00e5r behandlingen<br \/>\n<\/strong>St\u00f8rstedelen af behandlingen foreg\u00e5r i et stort badekar, fyldt med 700 liter vand med en temperatur p\u00e5 38 grader. F\u00f8rst ligger man 5 minutter i bl\u00f8d, med nakken placeret p\u00e5 en stofrem, mens jacuzzistr\u00e5ler prikker liv i de \u00f8mme muskler. Herefter griber mass\u00f8ren en tyk vandslange med en ekstrem kraftig vandstr\u00e5le, som hun bearbejder kroppen med under vandet. Efter ca. Tyve minutter er hver eneste centimeter blevet &#8220;spulet&#8221; \u2013 fra top til t\u00e5, forfra, bagfra og p\u00e5 siderne. Selv om vandets enorme tryk n\u00e6rmest afs\u00e6tter huller i ens fedtlag, g\u00f8r behandlingen ikke spor ondt, netop fordi den foreg\u00e5r under vandoverfladen.<br \/>\nDen v\u00e5de del af massagen afsluttes med Kneipp-terapi: En bruser med iskoldt vand rettes mod henholdsvis underben og underarme \u2013 18 sekunder til hver. Det f\u00f8les ikke specielt behageligt, mens det st\u00e5r p\u00e5, men det s\u00e6tter gang i kredsl\u00f8bet, s\u00e5 blodet ruller frejdigt i \u00e5rerne bagefter.<br \/>\nDet n\u00e6ste kvarters tid tilbringes p\u00e5 en briks under kulbuelys og infrar\u00f8de str\u00e5ler, hvor de mest tr\u00e6ngende omr\u00e5der bliver \u00e6ltet igennem. De sidste fem-ti minutter slapper man af med new age-musik i walkman\u2019en .<\/span><\/p>\n<p><span style=\"font-family: Arial; font-size: medium;\"><strong>S\u00e5 lang tid varer det<br \/>\n<\/strong>En time<\/span><\/p>\n<p><span style=\"font-family: Arial; font-size: medium;\"><strong>Det koster behandlingen<br \/>\n<\/strong>400 kr. Rabatordninger ved fem eller ti behandlinger.<\/span><\/p>\n<p><span style=\"font-family: Arial; font-size: medium;\"><strong>Blev mine forventninger indfriet?<br \/>\n<\/strong>I den grad. Jeg havde s\u00e5dan set bare gl\u00e6det mig til at f\u00e5 opt\u00f8et mit vinterfrosne legeme i det varme vand og samtidig f\u00e5 skuldrene v\u00e6k fra deres position oppe under \u00f8rerne. Men ud over fornemmelsen af rent velv\u00e6re f\u00f8lte jeg mig ogs\u00e5 afslappet, afsp\u00e6ndt og en lille smule &#8220;h\u00f8j&#8221; bagefter. En virkning, der holdt sig nogle dage. Min hud var glat, og is\u00e6r i benene f\u00f8ltes det, som om kredsl\u00f8bet var kommet op i nye \u2013 og for mig \u2013 ukendte omdrejninger.<\/span><\/p>\n<p><span style=\"font-family: Arial; font-size: medium;\"><strong>Her kan du f\u00e5 undervandsmassage<br \/>\n<\/strong>Jeg l\u00e5 i bl\u00f8d hos Idalina Buxbom, exam. mass\u00f8r og undervandsmass\u00f8r, hos Water-mass, Vesterbros Torv 53, 1620 K\u00f8benhavn V, tlf.:\u00a022 51 00 07<\/span><\/td>\n<\/tr>\n<\/tbody>\n<\/table>\n","protected":false},"excerpt":{"rendered":"<p>Alt for damerne 4\/98: Massage&#8211; VELV\u00c6RE TIL VINTERTR\u00c6TTE KROPPE UndervandsmassageHvad er undervandsmassage? En blid, 5.000 \u00e5r gammel massage-form i og med vand, som i sin tid opstod omkring kurbadene i Rum\u00e6nien og Bulgarien.Hvad kan den bruges til? Til at l\u00f8sne sp\u00e6ndinger, myoser og infiltrationer i musklerne samt lindre ledsmerter \u2013 f.eks. kan gigtpatienter og d\u00e5rligt [&hellip;]<\/p>\n","protected":false},"author":2,"featured_media":0,"parent":97,"menu_order":0,"comment_status":"closed","ping_status":"closed","template":"","meta":{"footnotes":""},"aioseo_notices":[],"_links":{"self":[{"href":"https:\/\/test.vandmassage.dk\/index.php?rest_route=\/wp\/v2\/pages\/234"}],"collection":[{"href":"https:\/\/test.vandmassage.dk\/index.php?rest_route=\/wp\/v2\/pages"}],"about":[{"href":"https:\/\/test.vandmassage.dk\/index.php?rest_route=\/wp\/v2\/types\/page"}],"author":[{"embeddable":true,"href":"https:\/\/test.vandmassage.dk\/index.php?rest_route=\/wp\/v2\/users\/2"}],"replies":[{"embeddable":true,"href":"https:\/\/test.vandmassage.dk\/index.php?rest_route=%2Fwp%2Fv2%2Fcomments&post=234"}],"version-history":[{"count":2,"href":"https:\/\/test.vandmassage.dk\/index.php?rest_route=\/wp\/v2\/pages\/234\/revisions"}],"predecessor-version":[{"id":236,"href":"https:\/\/test.vandmassage.dk\/index.php?rest_route=\/wp\/v2\/pages\/234\/revisions\/236"}],"up":[{"embeddable":true,"href":"https:\/\/test.vandmassage.dk\/index.php?rest_route=\/wp\/v2\/pages\/97"}],"wp:attachment":[{"href":"https:\/\/test.vandmassage.dk\/index.php?rest_route=%2Fwp%2Fv2%2Fmedia&parent=234"}],"curies":[{"name":"wp","href":"https:\/\/api.w.org\/{rel}","templated":true}]}}