{"id":54,"date":"2013-09-23T08:39:16","date_gmt":"2013-09-23T08:39:16","guid":{"rendered":"http:\/\/localhost:7779\/?page_id=54"},"modified":"2020-10-13T16:20:37","modified_gmt":"2020-10-13T15:20:37","slug":"behandling","status":"publish","type":"page","link":"https:\/\/test.vandmassage.dk\/?page_id=54","title":{"rendered":"Massage for bedre velv\u00e6re"},"content":{"rendered":"<p style=\"text-align: center;\">Velkommen<\/p>\n<p style=\"text-align: center;\">Water-Mass er en hyggelig lille unik massageklinik p\u00e5 Vesterbro torv.<br \/>\nWater-Mass tilbyder som det eneste sted i norden, den specielle massageteknik vandmassage.<br \/>\nDerudover tilbyder Water-Mass andre former for kropsmassage, l\u00e6s mere om de forskellige massageteknikker i menuen ovenover.<\/p>\n<p style=\"text-align: center;\"><span style=\"display: inline !important; float: none; background-color: transparent; color: #141412; cursor: text; font-family: 'Source Sans Pro',Helvetica,sans-serif; font-size: 16px; font-style: normal; font-variant: normal; font-weight: 400; letter-spacing: normal; line-height: 24px; orphans: 2; text-align: left; text-decoration: none; text-indent: 0px; text-transform: none; -webkit-text-stroke-width: 0px; white-space: normal; word-spacing: 0px;\">Hvis du er i tvivl om, hvilken behandling du skal v\u00e6lge, eller om massage kan hj\u00e6lpe dig, er du velkommen til at kontakte mig.<br \/>\nTel. 22510007<\/span><\/p>\n","protected":false},"excerpt":{"rendered":"<p>Velkommen Water-Mass er en hyggelig lille unik massageklinik p\u00e5 Vesterbro torv. Water-Mass tilbyder som det eneste sted i norden, den specielle massageteknik vandmassage. Derudover tilbyder Water-Mass andre former for kropsmassage, l\u00e6s mere om de forskellige massageteknikker i menuen ovenover. Hvis du er i tvivl om, hvilken behandling du skal v\u00e6lge, eller om massage kan hj\u00e6lpe [&hellip;]<\/p>\n","protected":false},"author":2,"featured_media":157,"parent":0,"menu_order":0,"comment_status":"closed","ping_status":"closed","template":"","meta":{"footnotes":""},"aioseo_notices":[],"_links":{"self":[{"href":"https:\/\/test.vandmassage.dk\/index.php?rest_route=\/wp\/v2\/pages\/54"}],"collection":[{"href":"https:\/\/test.vandmassage.dk\/index.php?rest_route=\/wp\/v2\/pages"}],"about":[{"href":"https:\/\/test.vandmassage.dk\/index.php?rest_route=\/wp\/v2\/types\/page"}],"author":[{"embeddable":true,"href":"https:\/\/test.vandmassage.dk\/index.php?rest_route=\/wp\/v2\/users\/2"}],"replies":[{"embeddable":true,"href":"https:\/\/test.vandmassage.dk\/index.php?rest_route=%2Fwp%2Fv2%2Fcomments&post=54"}],"version-history":[{"count":13,"href":"https:\/\/test.vandmassage.dk\/index.php?rest_route=\/wp\/v2\/pages\/54\/revisions"}],"predecessor-version":[{"id":330,"href":"https:\/\/test.vandmassage.dk\/index.php?rest_route=\/wp\/v2\/pages\/54\/revisions\/330"}],"wp:featuredmedia":[{"embeddable":true,"href":"https:\/\/test.vandmassage.dk\/index.php?rest_route=\/wp\/v2\/media\/157"}],"wp:attachment":[{"href":"https:\/\/test.vandmassage.dk\/index.php?rest_route=%2Fwp%2Fv2%2Fmedia&parent=54"}],"curies":[{"name":"wp","href":"https:\/\/api.w.org\/{rel}","templated":true}]}}