{"id":75,"date":"2013-10-30T06:03:25","date_gmt":"2013-10-30T06:03:25","guid":{"rendered":"http:\/\/vandmassage.fitsystems.dk\/\/?page_id=75"},"modified":"2021-05-13T16:05:19","modified_gmt":"2021-05-13T15:05:19","slug":"vandmassage","status":"publish","type":"page","link":"https:\/\/test.vandmassage.dk\/?page_id=75","title":{"rendered":"Vandmassage"},"content":{"rendered":"\n<div class=\"wp-block-group\"><div class=\"wp-block-group__inner-container is-layout-flow wp-block-group-is-layout-flow\">\n<p class=\"has-text-align-left\"><strong>Vandmassage<\/strong><br>Vandmassage udf\u00f8res mens De ligger i et specielt badekar med 700 liter varmt vand. Det varme vand hj\u00e6lper Dem til at slappe helt af. For yderligere at afslappe kroppen begynder behandlingen med jacuzzi, hvor fine varme vandstr\u00e5ler rettes mod kroppen. En vandstr\u00e5le p\u00e5 6-7 atmosf\u00e6res tryk f\u00f8res manuelt hen over kroppen og masserer muskler, led mv. Massagen er meget dybdeg\u00e5ende og hj\u00e6lper kroppen til l\u00f8sne sig op. Efter vandmassagen modtager De almindelig kropsmassage.<\/p>\n<\/div><\/div>\n\n\n\n<figure class=\"wp-block-gallery columns-2 is-cropped wp-block-gallery-1 is-layout-flex wp-block-gallery-is-layout-flex\"><ul class=\"blocks-gallery-grid\"><li class=\"blocks-gallery-item\"><figure><img loading=\"lazy\" decoding=\"async\" width=\"683\" height=\"1024\" src=\"https:\/\/test.vandmassage.dk\/wp-content\/uploads\/2021\/04\/Georgina-ryg-b-683x1024.jpg\" alt=\"\" data-id=\"382\" data-full-url=\"https:\/\/test.vandmassage.dk\/wp-content\/uploads\/2021\/04\/Georgina-ryg-b.jpg\" data-link=\"https:\/\/test.vandmassage.dk\/?attachment_id=382\" class=\"wp-image-382\" srcset=\"https:\/\/test.vandmassage.dk\/wp-content\/uploads\/2021\/04\/Georgina-ryg-b-683x1024.jpg 683w, https:\/\/test.vandmassage.dk\/wp-content\/uploads\/2021\/04\/Georgina-ryg-b-200x300.jpg 200w, https:\/\/test.vandmassage.dk\/wp-content\/uploads\/2021\/04\/Georgina-ryg-b-768x1152.jpg 768w, https:\/\/test.vandmassage.dk\/wp-content\/uploads\/2021\/04\/Georgina-ryg-b-1024x1536.jpg 1024w, https:\/\/test.vandmassage.dk\/wp-content\/uploads\/2021\/04\/Georgina-ryg-b.jpg 1200w\" sizes=\"(max-width: 683px) 100vw, 683px\" \/><\/figure><\/li><li class=\"blocks-gallery-item\"><figure><img loading=\"lazy\" decoding=\"async\" width=\"683\" height=\"1024\" src=\"https:\/\/test.vandmassage.dk\/wp-content\/uploads\/2021\/04\/ette-en-683x1024.jpg\" alt=\"\" data-id=\"391\" data-full-url=\"https:\/\/test.vandmassage.dk\/wp-content\/uploads\/2021\/04\/ette-en.jpg\" data-link=\"https:\/\/test.vandmassage.dk\/?attachment_id=391\" class=\"wp-image-391\" srcset=\"https:\/\/test.vandmassage.dk\/wp-content\/uploads\/2021\/04\/ette-en-683x1024.jpg 683w, https:\/\/test.vandmassage.dk\/wp-content\/uploads\/2021\/04\/ette-en-200x300.jpg 200w, https:\/\/test.vandmassage.dk\/wp-content\/uploads\/2021\/04\/ette-en-768x1152.jpg 768w, https:\/\/test.vandmassage.dk\/wp-content\/uploads\/2021\/04\/ette-en-1024x1536.jpg 1024w, https:\/\/test.vandmassage.dk\/wp-content\/uploads\/2021\/04\/ette-en.jpg 1200w\" sizes=\"(max-width: 683px) 100vw, 683px\" \/><\/figure><\/li><\/ul><\/figure>\n","protected":false},"excerpt":{"rendered":"<p>VandmassageVandmassage udf\u00f8res mens De ligger i et specielt badekar med 700 liter varmt vand. Det varme vand hj\u00e6lper Dem til at slappe helt af. For yderligere at afslappe kroppen begynder behandlingen med jacuzzi, hvor fine varme vandstr\u00e5ler rettes mod kroppen. En vandstr\u00e5le p\u00e5 6-7 atmosf\u00e6res tryk f\u00f8res manuelt hen over kroppen og masserer muskler, led [&hellip;]<\/p>\n","protected":false},"author":2,"featured_media":0,"parent":54,"menu_order":0,"comment_status":"closed","ping_status":"closed","template":"","meta":{"footnotes":""},"aioseo_notices":[],"_links":{"self":[{"href":"https:\/\/test.vandmassage.dk\/index.php?rest_route=\/wp\/v2\/pages\/75"}],"collection":[{"href":"https:\/\/test.vandmassage.dk\/index.php?rest_route=\/wp\/v2\/pages"}],"about":[{"href":"https:\/\/test.vandmassage.dk\/index.php?rest_route=\/wp\/v2\/types\/page"}],"author":[{"embeddable":true,"href":"https:\/\/test.vandmassage.dk\/index.php?rest_route=\/wp\/v2\/users\/2"}],"replies":[{"embeddable":true,"href":"https:\/\/test.vandmassage.dk\/index.php?rest_route=%2Fwp%2Fv2%2Fcomments&post=75"}],"version-history":[{"count":20,"href":"https:\/\/test.vandmassage.dk\/index.php?rest_route=\/wp\/v2\/pages\/75\/revisions"}],"predecessor-version":[{"id":429,"href":"https:\/\/test.vandmassage.dk\/index.php?rest_route=\/wp\/v2\/pages\/75\/revisions\/429"}],"up":[{"embeddable":true,"href":"https:\/\/test.vandmassage.dk\/index.php?rest_route=\/wp\/v2\/pages\/54"}],"wp:attachment":[{"href":"https:\/\/test.vandmassage.dk\/index.php?rest_route=%2Fwp%2Fv2%2Fmedia&parent=75"}],"curies":[{"name":"wp","href":"https:\/\/api.w.org\/{rel}","templated":true}]}}