{"id":77,"date":"2013-10-30T06:11:48","date_gmt":"2013-10-30T06:11:48","guid":{"rendered":"http:\/\/vandmassage.fitsystems.dk\/\/?page_id=77"},"modified":"2021-05-13T16:06:27","modified_gmt":"2021-05-13T15:06:27","slug":"kropsmassage","status":"publish","type":"page","link":"https:\/\/test.vandmassage.dk\/?page_id=77","title":{"rendered":"Fysiologisk massage"},"content":{"rendered":"<p style=\"text-align: left;\"><strong>Fysiologisk massage<\/strong><br \/>Fysiologisk massage er den almindeligste form for massage. Kropsmassagen foreg\u00e5r liggende p\u00e5 en briks ved at mass\u00f8ren med sine tr\u00e6nede h\u00e6nder \u00e6lter og masserer muskler og bindev\u00e6v. En dygtig mass\u00f8r kan med almindelig kropsmassage l\u00f8sne infiltrationer og fjerne \u00f8mhed og hold i nakken. Kropsmassage giver en \u00f8get blodcirkulation og et bedre velv\u00e6re. Pr\u00f8v almindelig kropsmassage med <a title=\"Ion-terapi\" href=\"http:\/\/test.vandmassage.dk\/?page_id=173\">ion-terapi\u00a0<\/a>&#8211; det koster ikke ekstra.<\/p>\n\n\n<figure class=\"wp-block-gallery columns-1 is-cropped wp-block-gallery-1 is-layout-flex wp-block-gallery-is-layout-flex\"><ul class=\"blocks-gallery-grid\"><li class=\"blocks-gallery-item\"><figure><img loading=\"lazy\" decoding=\"async\" width=\"1187\" height=\"1583\" src=\"https:\/\/test.vandmassage.dk\/wp-content\/uploads\/2020\/10\/20200920_170704_01.jpg\" alt=\"\" data-id=\"333\" data-full-url=\"https:\/\/test.vandmassage.dk\/wp-content\/uploads\/2020\/10\/20200920_170704_01.jpg\" data-link=\"https:\/\/test.vandmassage.dk\/?attachment_id=333\" class=\"wp-image-333\"\/><\/figure><\/li><\/ul><\/figure>\n","protected":false},"excerpt":{"rendered":"<p>Fysiologisk massageFysiologisk massage er den almindeligste form for massage. Kropsmassagen foreg\u00e5r liggende p\u00e5 en briks ved at mass\u00f8ren med sine tr\u00e6nede h\u00e6nder \u00e6lter og masserer muskler og bindev\u00e6v. En dygtig mass\u00f8r kan med almindelig kropsmassage l\u00f8sne infiltrationer og fjerne \u00f8mhed og hold i nakken. Kropsmassage giver en \u00f8get blodcirkulation og et bedre velv\u00e6re. Pr\u00f8v almindelig [&hellip;]<\/p>\n","protected":false},"author":2,"featured_media":0,"parent":54,"menu_order":0,"comment_status":"closed","ping_status":"closed","template":"","meta":{"footnotes":""},"aioseo_notices":[],"_links":{"self":[{"href":"https:\/\/test.vandmassage.dk\/index.php?rest_route=\/wp\/v2\/pages\/77"}],"collection":[{"href":"https:\/\/test.vandmassage.dk\/index.php?rest_route=\/wp\/v2\/pages"}],"about":[{"href":"https:\/\/test.vandmassage.dk\/index.php?rest_route=\/wp\/v2\/types\/page"}],"author":[{"embeddable":true,"href":"https:\/\/test.vandmassage.dk\/index.php?rest_route=\/wp\/v2\/users\/2"}],"replies":[{"embeddable":true,"href":"https:\/\/test.vandmassage.dk\/index.php?rest_route=%2Fwp%2Fv2%2Fcomments&post=77"}],"version-history":[{"count":9,"href":"https:\/\/test.vandmassage.dk\/index.php?rest_route=\/wp\/v2\/pages\/77\/revisions"}],"predecessor-version":[{"id":431,"href":"https:\/\/test.vandmassage.dk\/index.php?rest_route=\/wp\/v2\/pages\/77\/revisions\/431"}],"up":[{"embeddable":true,"href":"https:\/\/test.vandmassage.dk\/index.php?rest_route=\/wp\/v2\/pages\/54"}],"wp:attachment":[{"href":"https:\/\/test.vandmassage.dk\/index.php?rest_route=%2Fwp%2Fv2%2Fmedia&parent=77"}],"curies":[{"name":"wp","href":"https:\/\/api.w.org\/{rel}","templated":true}]}}